{"id":30812,"date":"2022-08-25T15:13:48","date_gmt":"2022-08-25T13:13:48","guid":{"rendered":"https:\/\/ann-amann.com\/?page_id=30812"},"modified":"2022-09-16T11:00:43","modified_gmt":"2022-09-16T09:00:43","slug":"imprint","status":"publish","type":"page","link":"https:\/\/ann-amann.com\/en\/imprint\/","title":{"rendered":"Imprint"},"content":{"rendered":"\t\t<div data-elementor-type=\"wp-page\" data-elementor-id=\"30812\" class=\"elementor elementor-30812\" data-elementor-post-type=\"page\">\n\t\t\t\t\t\t<section class=\"elementor-section elementor-top-section elementor-element elementor-element-d490ddb elementor-section-height-min-height elementor-section-items-bottom elementor-section-boxed elementor-section-height-default\" data-id=\"d490ddb\" data-element_type=\"section\" data-e-type=\"section\" data-settings=\"{&quot;background_background&quot;:&quot;classic&quot;}\">\n\t\t\t\t\t\t<div class=\"elementor-container elementor-column-gap-default\">\n\t\t\t\t\t<div class=\"elementor-column elementor-col-100 elementor-top-column elementor-element elementor-element-36042ba\" data-id=\"36042ba\" data-element_type=\"column\" data-e-type=\"column\">\n\t\t\t<div class=\"elementor-widget-wrap elementor-element-populated\">\n\t\t\t\t\t\t<div class=\"elementor-element elementor-element-40b74f6 elementor-widget elementor-widget-heading\" data-id=\"40b74f6\" data-element_type=\"widget\" data-e-type=\"widget\" data-widget_type=\"heading.default\">\n\t\t\t\t<div class=\"elementor-widget-container\">\n\t\t\t\t\t<h1 class=\"elementor-heading-title elementor-size-default\">Imprint<\/h1>\t\t\t\t<\/div>\n\t\t\t\t<\/div>\n\t\t\t\t\t<\/div>\n\t\t<\/div>\n\t\t\t\t\t<\/div>\n\t\t<\/section>\n\t\t\t\t<section class=\"elementor-section elementor-top-section elementor-element elementor-element-e3f80d4 elementor-section-boxed elementor-section-height-default elementor-section-height-default\" data-id=\"e3f80d4\" data-element_type=\"section\" data-e-type=\"section\">\n\t\t\t\t\t\t<div class=\"elementor-container elementor-column-gap-default\">\n\t\t\t\t\t<div class=\"elementor-column elementor-col-100 elementor-top-column elementor-element elementor-element-bc065e3\" data-id=\"bc065e3\" data-element_type=\"column\" data-e-type=\"column\">\n\t\t\t<div class=\"elementor-widget-wrap elementor-element-populated\">\n\t\t\t\t\t\t<div class=\"elementor-element elementor-element-4fa777d elementor-widget elementor-widget-heading\" data-id=\"4fa777d\" data-element_type=\"widget\" data-e-type=\"widget\" data-widget_type=\"heading.default\">\n\t\t\t\t<div class=\"elementor-widget-container\">\n\t\t\t\t\t<h2 class=\"elementor-heading-title elementor-size-default\">Information pursuant to Sect. 5 German Telemedia Act (TMG)<\/h2>\t\t\t\t<\/div>\n\t\t\t\t<\/div>\n\t\t\t\t<div class=\"elementor-element elementor-element-e1a7a0e elementor-widget elementor-widget-text-editor\" data-id=\"e1a7a0e\" data-element_type=\"widget\" data-e-type=\"widget\" data-widget_type=\"text-editor.default\">\n\t\t\t\t<div class=\"elementor-widget-container\">\n\t\t\t\t\t\t\t\t\t<p>Ann Amann<\/p><p>Tuchmacherstra\u00dfe 72<\/p><p>8041 Z\u00fcrich<\/p>\t\t\t\t\t\t\t\t<\/div>\n\t\t\t\t<\/div>\n\t\t\t\t<div class=\"elementor-element elementor-element-ace378d elementor-widget elementor-widget-heading\" data-id=\"ace378d\" data-element_type=\"widget\" data-e-type=\"widget\" data-widget_type=\"heading.default\">\n\t\t\t\t<div class=\"elementor-widget-container\">\n\t\t\t\t\t<h2 class=\"elementor-heading-title elementor-size-default\">Contact<\/h2>\t\t\t\t<\/div>\n\t\t\t\t<\/div>\n\t\t\t\t<div class=\"elementor-element elementor-element-ed8325a elementor-widget elementor-widget-text-editor\" data-id=\"ed8325a\" data-element_type=\"widget\" data-e-type=\"widget\" data-widget_type=\"text-editor.default\">\n\t\t\t\t<div class=\"elementor-widget-container\">\n\t\t\t\t\t\t\t\t\t<p>Phone: [Telefonnummer]<\/p><p>E-mail: aa@ann-amann.com<\/p>\t\t\t\t\t\t\t\t<\/div>\n\t\t\t\t<\/div>\n\t\t\t\t<div class=\"elementor-element elementor-element-c5035cb elementor-widget elementor-widget-heading\" data-id=\"c5035cb\" data-element_type=\"widget\" data-e-type=\"widget\" data-widget_type=\"heading.default\">\n\t\t\t\t<div class=\"elementor-widget-container\">\n\t\t\t\t\t<h2 class=\"elementor-heading-title elementor-size-default\">Person responsible for editorial<\/h2>\t\t\t\t<\/div>\n\t\t\t\t<\/div>\n\t\t\t\t<div class=\"elementor-element elementor-element-daab235 elementor-widget elementor-widget-text-editor\" data-id=\"daab235\" data-element_type=\"widget\" data-e-type=\"widget\" data-widget_type=\"text-editor.default\">\n\t\t\t\t<div class=\"elementor-widget-container\">\n\t\t\t\t\t\t\t\t\t<p>Ann Amann<\/p><p>Tuchmacherstra\u00dfe 72<\/p><p>8041 Z\u00fcrich<\/p>\t\t\t\t\t\t\t\t<\/div>\n\t\t\t\t<\/div>\n\t\t\t\t\t<\/div>\n\t\t<\/div>\n\t\t\t\t\t<\/div>\n\t\t<\/section>\n\t\t\t\t<\/div>\n\t\t","protected":false},"excerpt":{"rendered":"<p>Imprint Information pursuant to Sect. 5 German Telemedia Act (TMG) Ann Amann Tuchmacherstra\u00dfe 72 8041 Z\u00fcrich Contact Phone: [Telefonnummer] E-mail: aa@ann-amann.com Person responsible for editorial Ann Amann Tuchmacherstra\u00dfe 72 8041 Z\u00fcrich<\/p>\n","protected":false},"author":1,"featured_media":0,"parent":0,"menu_order":-40,"comment_status":"closed","ping_status":"closed","template":"","meta":{"footnotes":""},"class_list":["post-30812","page","type-page","status-publish","hentry"],"yoast_head":"<!-- This site is optimized with the Yoast SEO plugin v27.4 - https:\/\/yoast.com\/product\/yoast-seo-wordpress\/ -->\n<title>Imprint - Ann Amann<\/title>\n<meta name=\"robots\" content=\"noindex, nofollow\" \/>\n<meta property=\"og:locale\" content=\"en_US\" \/>\n<meta property=\"og:type\" content=\"article\" \/>\n<meta property=\"og:title\" content=\"Imprint - Ann Amann\" \/>\n<meta property=\"og:description\" content=\"Imprint Information pursuant to Sect. 5 German Telemedia Act (TMG) Ann Amann Tuchmacherstra\u00dfe 72 8041 Z\u00fcrich Contact Phone: [Telefonnummer] E-mail: aa@ann-amann.com Person responsible for editorial Ann Amann Tuchmacherstra\u00dfe 72 8041 Z\u00fcrich\" \/>\n<meta property=\"og:url\" content=\"https:\/\/ann-amann.com\/en\/imprint\/\" \/>\n<meta property=\"og:site_name\" content=\"Ann Amann\" \/>\n<meta property=\"article:publisher\" content=\"https:\/\/www.facebook.com\/ann.amann.5872\" \/>\n<meta property=\"article:modified_time\" content=\"2022-09-16T09:00:43+00:00\" \/>\n<meta name=\"twitter:card\" content=\"summary_large_image\" \/>\n<script type=\"application\/ld+json\" class=\"yoast-schema-graph\">{\"@context\":\"https:\\\/\\\/schema.org\",\"@graph\":[{\"@type\":\"WebPage\",\"@id\":\"https:\\\/\\\/ann-amann.com\\\/en\\\/imprint\\\/\",\"url\":\"https:\\\/\\\/ann-amann.com\\\/en\\\/imprint\\\/\",\"name\":\"Imprint - Ann Amann\",\"isPartOf\":{\"@id\":\"https:\\\/\\\/ann-amann.com\\\/en\\\/#website\"},\"datePublished\":\"2022-08-25T13:13:48+00:00\",\"dateModified\":\"2022-09-16T09:00:43+00:00\",\"breadcrumb\":{\"@id\":\"https:\\\/\\\/ann-amann.com\\\/en\\\/imprint\\\/#breadcrumb\"},\"inLanguage\":\"en-US\",\"potentialAction\":[{\"@type\":\"ReadAction\",\"target\":[\"https:\\\/\\\/ann-amann.com\\\/en\\\/imprint\\\/\"]}]},{\"@type\":\"BreadcrumbList\",\"@id\":\"https:\\\/\\\/ann-amann.com\\\/en\\\/imprint\\\/#breadcrumb\",\"itemListElement\":[{\"@type\":\"ListItem\",\"position\":1,\"name\":\"Startseite\",\"item\":\"https:\\\/\\\/ann-amann.com\\\/en\\\/\"},{\"@type\":\"ListItem\",\"position\":2,\"name\":\"Imprint\"}]},{\"@type\":\"WebSite\",\"@id\":\"https:\\\/\\\/ann-amann.com\\\/en\\\/#website\",\"url\":\"https:\\\/\\\/ann-amann.com\\\/en\\\/\",\"name\":\"Ann Amann\",\"description\":\"Schlagartig alles anders\",\"publisher\":{\"@id\":\"https:\\\/\\\/ann-amann.com\\\/en\\\/#\\\/schema\\\/person\\\/f6569b699382e6ca13287c0ca8d5c64a\"},\"potentialAction\":[{\"@type\":\"SearchAction\",\"target\":{\"@type\":\"EntryPoint\",\"urlTemplate\":\"https:\\\/\\\/ann-amann.com\\\/en\\\/?s={search_term_string}\"},\"query-input\":{\"@type\":\"PropertyValueSpecification\",\"valueRequired\":true,\"valueName\":\"search_term_string\"}}],\"inLanguage\":\"en-US\"},{\"@type\":[\"Person\",\"Organization\"],\"@id\":\"https:\\\/\\\/ann-amann.com\\\/en\\\/#\\\/schema\\\/person\\\/f6569b699382e6ca13287c0ca8d5c64a\",\"name\":\"Ann Amann\",\"image\":{\"@type\":\"ImageObject\",\"inLanguage\":\"en-US\",\"@id\":\"https:\\\/\\\/ann-amann.com\\\/wp-content\\\/uploads\\\/2022\\\/09\\\/ann-amann-kontakt-portrait-vll.jpg\",\"url\":\"https:\\\/\\\/ann-amann.com\\\/wp-content\\\/uploads\\\/2022\\\/09\\\/ann-amann-kontakt-portrait-vll.jpg\",\"contentUrl\":\"https:\\\/\\\/ann-amann.com\\\/wp-content\\\/uploads\\\/2022\\\/09\\\/ann-amann-kontakt-portrait-vll.jpg\",\"width\":640,\"height\":506,\"caption\":\"Ann Amann\"},\"logo\":{\"@id\":\"https:\\\/\\\/ann-amann.com\\\/wp-content\\\/uploads\\\/2022\\\/09\\\/ann-amann-kontakt-portrait-vll.jpg\"},\"sameAs\":[\"https:\\\/\\\/www.facebook.com\\\/ann.amann.5872\",\"https:\\\/\\\/www.instagram.com\\\/ann_amann\\\/\",\"https:\\\/\\\/www.linkedin.com\\\/in\\\/ann-amann-4ab46924b\\\/\"]}]}<\/script>\n<!-- \/ Yoast SEO plugin. -->","yoast_head_json":{"title":"Imprint - Ann Amann","robots":{"index":"noindex","follow":"nofollow"},"og_locale":"en_US","og_type":"article","og_title":"Imprint - Ann Amann","og_description":"Imprint Information pursuant to Sect. 5 German Telemedia Act (TMG) Ann Amann Tuchmacherstra\u00dfe 72 8041 Z\u00fcrich Contact Phone: [Telefonnummer] E-mail: aa@ann-amann.com Person responsible for editorial Ann Amann Tuchmacherstra\u00dfe 72 8041 Z\u00fcrich","og_url":"https:\/\/ann-amann.com\/en\/imprint\/","og_site_name":"Ann Amann","article_publisher":"https:\/\/www.facebook.com\/ann.amann.5872","article_modified_time":"2022-09-16T09:00:43+00:00","twitter_card":"summary_large_image","schema":{"@context":"https:\/\/schema.org","@graph":[{"@type":"WebPage","@id":"https:\/\/ann-amann.com\/en\/imprint\/","url":"https:\/\/ann-amann.com\/en\/imprint\/","name":"Imprint - Ann Amann","isPartOf":{"@id":"https:\/\/ann-amann.com\/en\/#website"},"datePublished":"2022-08-25T13:13:48+00:00","dateModified":"2022-09-16T09:00:43+00:00","breadcrumb":{"@id":"https:\/\/ann-amann.com\/en\/imprint\/#breadcrumb"},"inLanguage":"en-US","potentialAction":[{"@type":"ReadAction","target":["https:\/\/ann-amann.com\/en\/imprint\/"]}]},{"@type":"BreadcrumbList","@id":"https:\/\/ann-amann.com\/en\/imprint\/#breadcrumb","itemListElement":[{"@type":"ListItem","position":1,"name":"Startseite","item":"https:\/\/ann-amann.com\/en\/"},{"@type":"ListItem","position":2,"name":"Imprint"}]},{"@type":"WebSite","@id":"https:\/\/ann-amann.com\/en\/#website","url":"https:\/\/ann-amann.com\/en\/","name":"Ann Amann","description":"Schlagartig alles anders","publisher":{"@id":"https:\/\/ann-amann.com\/en\/#\/schema\/person\/f6569b699382e6ca13287c0ca8d5c64a"},"potentialAction":[{"@type":"SearchAction","target":{"@type":"EntryPoint","urlTemplate":"https:\/\/ann-amann.com\/en\/?s={search_term_string}"},"query-input":{"@type":"PropertyValueSpecification","valueRequired":true,"valueName":"search_term_string"}}],"inLanguage":"en-US"},{"@type":["Person","Organization"],"@id":"https:\/\/ann-amann.com\/en\/#\/schema\/person\/f6569b699382e6ca13287c0ca8d5c64a","name":"Ann Amann","image":{"@type":"ImageObject","inLanguage":"en-US","@id":"https:\/\/ann-amann.com\/wp-content\/uploads\/2022\/09\/ann-amann-kontakt-portrait-vll.jpg","url":"https:\/\/ann-amann.com\/wp-content\/uploads\/2022\/09\/ann-amann-kontakt-portrait-vll.jpg","contentUrl":"https:\/\/ann-amann.com\/wp-content\/uploads\/2022\/09\/ann-amann-kontakt-portrait-vll.jpg","width":640,"height":506,"caption":"Ann Amann"},"logo":{"@id":"https:\/\/ann-amann.com\/wp-content\/uploads\/2022\/09\/ann-amann-kontakt-portrait-vll.jpg"},"sameAs":["https:\/\/www.facebook.com\/ann.amann.5872","https:\/\/www.instagram.com\/ann_amann\/","https:\/\/www.linkedin.com\/in\/ann-amann-4ab46924b\/"]}]}},"_links":{"self":[{"href":"https:\/\/ann-amann.com\/en\/wp-json\/wp\/v2\/pages\/30812","targetHints":{"allow":["GET"]}}],"collection":[{"href":"https:\/\/ann-amann.com\/en\/wp-json\/wp\/v2\/pages"}],"about":[{"href":"https:\/\/ann-amann.com\/en\/wp-json\/wp\/v2\/types\/page"}],"author":[{"embeddable":true,"href":"https:\/\/ann-amann.com\/en\/wp-json\/wp\/v2\/users\/1"}],"replies":[{"embeddable":true,"href":"https:\/\/ann-amann.com\/en\/wp-json\/wp\/v2\/comments?post=30812"}],"version-history":[{"count":15,"href":"https:\/\/ann-amann.com\/en\/wp-json\/wp\/v2\/pages\/30812\/revisions"}],"predecessor-version":[{"id":31883,"href":"https:\/\/ann-amann.com\/en\/wp-json\/wp\/v2\/pages\/30812\/revisions\/31883"}],"wp:attachment":[{"href":"https:\/\/ann-amann.com\/en\/wp-json\/wp\/v2\/media?parent=30812"}],"curies":[{"name":"wp","href":"https:\/\/api.w.org\/{rel}","templated":true}]}}